{"id":31690,"date":"2026-04-06T15:05:13","date_gmt":"2026-04-06T08:05:13","guid":{"rendered":"https:\/\/xbookvn.com\/?page_id=31690"},"modified":"2026-04-06T19:06:57","modified_gmt":"2026-04-06T12:06:57","slug":"musics-4-kids","status":"publish","type":"page","link":"https:\/\/xbookvn.com\/en\/musics-4-kids\/","title":{"rendered":"Musics 4 KIDs"},"content":{"rendered":"<div data-elementor-type=\"wp-post\" data-elementor-id=\"31690\" class=\"elementor elementor-31690\" data-elementor-post-type=\"page\">\n\t\t\t\t\t\t<section class=\"elementor-section elementor-top-section elementor-element elementor-element-7d27883 elementor-section-stretched elementor-section-boxed elementor-section-height-default elementor-section-height-default\" data-id=\"7d27883\" data-element_type=\"section\" data-settings=\"{&quot;stretch_section&quot;:&quot;section-stretched&quot;,&quot;background_background&quot;:&quot;classic&quot;}\">\n\t\t\t\t\t\t<div class=\"elementor-container elementor-column-gap-custom\">\n\t\t\t\t\t<div class=\"elementor-column elementor-col-100 elementor-top-column elementor-element elementor-element-d513acf\" data-id=\"d513acf\" data-element_type=\"column\">\n\t\t\t<div class=\"elementor-widget-wrap elementor-element-populated\">\n\t\t\t\t\t\t<div class=\"elementor-element elementor-element-89b5417 elementor-widget__width-initial elementor-widget-tablet__width-inherit elementor-widget elementor-widget-heading\" data-id=\"89b5417\" data-element_type=\"widget\" data-widget_type=\"heading.default\">\n\t\t\t\t\t<h1 class=\"elementor-heading-title elementor-size-default\">Bi\u1ebfn S\u00e1ch Gi\u00e1o Khoa Th\u00e0nh \u00c2m Nh\u1ea1c<br> B\u01b0\u1edbc Ngo\u1eb7t C\u1ee7a Gi\u00e1o D\u1ee5c Hi\u1ec7n \u0110\u1ea1i<\/h1>\t\t\t\t<\/div>\n\t\t\t\t<div class=\"elementor-element elementor-element-3197733 thim-ekits-heading-text-center elementor-widget__width-initial elementor-widget-tablet__width-initial elementor-widget thim-ekits-heading elementor-widget-thim-heading\" data-id=\"3197733\" data-element_type=\"widget\" data-widget_type=\"thim-heading.default\">\n\t\t\t\t<div class=\"elementor-widget-container\">\n\t\t\t\t\t<div class=\"sc_heading text-center\"><div class=\"sub-heading\"><p>Chuy\u1ec3n \u0111\u1ed5i s\u1ed1 n\u1ed9i dung qua l\u0103ng k\u00ednh \u00e2m nh\u1ea1c, gi\u00fap tri th\u1ee9c kh\u00f4ng ch\u1ec9 \u0111\u01b0\u1ee3c h\u1ecdc, m\u00e0 \u0111\u01b0\u1ee3c \"s\u1ed1ng\" trong t\u00e2m tr\u00ed ng\u01b0\u1eddi h\u1ecdc.<\/p>\n<\/div><\/div>\t\t\t\t<\/div>\n\t\t\t\t<\/div>\n\t\t\t\t\t<\/div>\n\t\t<\/div>\n\t\t\t\t\t<\/div>\n\t\t<\/section>\n\t\t<div class=\"elementor-element elementor-element-4cf7df1 e-grid e-con-boxed e-con e-parent\" data-id=\"4cf7df1\" data-element_type=\"container\">\n\t\t\t\t\t<div class=\"e-con-inner\">\n\t\t<div class=\"elementor-element elementor-element-f4bbb53 e-con-full e-flex e-con e-child\" data-id=\"f4bbb53\" data-element_type=\"container\">\n\t\t\t\t<div class=\"elementor-element elementor-element-38e01c7 elementor-widget elementor-widget-image\" data-id=\"38e01c7\" data-element_type=\"widget\" data-widget_type=\"image.default\">\n\t\t\t\t\t\t\t\t\t\t\t\t\t\t\t<img fetchpriority=\"high\" decoding=\"async\" width=\"640\" height=\"358\" src=\"https:\/\/xbookvn.com\/wp-content\/uploads\/2026\/04\/xBOOK_Musics4Learning-1024x572.webp\" class=\"attachment-large size-large wp-image-31732\" alt=\"\" srcset=\"https:\/\/xbookvn.com\/wp-content\/uploads\/2026\/04\/xBOOK_Musics4Learning-1024x572.webp 1024w, https:\/\/xbookvn.com\/wp-content\/uploads\/2026\/04\/xBOOK_Musics4Learning-300x167.webp 300w, https:\/\/xbookvn.com\/wp-content\/uploads\/2026\/04\/xBOOK_Musics4Learning-768x429.webp 768w, https:\/\/xbookvn.com\/wp-content\/uploads\/2026\/04\/xBOOK_Musics4Learning-1536x857.webp 1536w, https:\/\/xbookvn.com\/wp-content\/uploads\/2026\/04\/xBOOK_Musics4Learning-2048x1143.webp 2048w, https:\/\/xbookvn.com\/wp-content\/uploads\/2026\/04\/xBOOK_Musics4Learning-18x10.webp 18w, https:\/\/xbookvn.com\/wp-content\/uploads\/2026\/04\/xBOOK_Musics4Learning-600x335.webp 600w\" sizes=\"(max-width: 640px) 100vw, 640px\" \/>\t\t\t\t\t\t\t\t\t\t\t\t\t\t\t<\/div>\n\t\t\t\t<\/div>\n\t\t<div class=\"elementor-element elementor-element-b9521a4 e-con-full e-flex e-con e-child\" data-id=\"b9521a4\" data-element_type=\"container\">\n\t\t\t\t<div class=\"elementor-element elementor-element-51665e7 elementor-widget elementor-widget-heading\" data-id=\"51665e7\" data-element_type=\"widget\" data-widget_type=\"heading.default\">\n\t\t\t\t\t<h2 class=\"elementor-heading-title elementor-size-default\">MUSICs 4 KIDs <\/h2>\t\t\t\t<\/div>\n\t\t\t\t<div class=\"elementor-element elementor-element-9d9025b elementor-widget elementor-widget-text-editor\" data-id=\"9d9025b\" data-element_type=\"widget\" data-widget_type=\"text-editor.default\">\n\t\t\t\t\t\t\t\t\t<ul><li data-path-to-node=\"6,0,0\">&#8220;Kho\u1ea3ng c\u00e1ch hi\u1ec7u qu\u1ea3&#8221; gi\u1eefa kh\u1ed1i l\u01b0\u1ee3ng n\u1ed9i dung cung c\u1ea5p v\u00e0 kh\u1ea3 n\u0103ng h\u1ea5p th\u1ee5 c\u1ee7a h\u1ecdc sinh. Ch\u00fang t\u00f4i bi\u1ebfn gi\u00e1o tr\u00ecnh d\u1ea1ng PDF ho\u1eb7c gi\u1ea5y th\u00e0nh m\u1ed9t tr\u1ea3i nghi\u1ec7m th\u1ea9m th\u1ea5u t\u1ef1 nhi\u00ean.<\/li><li data-path-to-node=\"6,1,0\"><b data-path-to-node=\"6,1,0\" data-index-in-node=\"0\">S\u1ee9c m\u1ea1nh c\u1ee7a Song-based Learning:<\/b> S\u1eed d\u1ee5ng c\u00e1c giai \u0111i\u1ec7u (Melody) v\u00e0 nh\u1ecbp \u0111i\u1ec7u (Chant) \u0111\u01b0\u1ee3c thi\u1ebft k\u1ebf ri\u00eang cho t\u1eebng \u0111\u1ed9 tu\u1ed5i \u0111\u1ec3 k\u00edch th\u00edch n\u00e3o b\u1ed9. Ph\u01b0\u01a1ng ph\u00e1p n\u00e0y gi\u00fap h\u1ecdc sinh ghi nh\u1edb c\u00e1c c\u1ea5u tr\u00fac ph\u1ee9c t\u1ea1p m\u1ed9t c\u00e1ch t\u1ef1 nguy\u1ec7n th\u00f4ng qua s\u1ef1 l\u1eb7p l\u1ea1i t\u1ef1 nhi\u00ean.<\/li><li data-path-to-node=\"6,2,0\"><b data-path-to-node=\"6,2,0\" data-index-in-node=\"0\">Ki\u1ebfn t\u1ea1o &#8220;H\u1ec7 t\u00e0i s\u1ea3n tr\u00ed tu\u1ec7&#8221; (IP Assets):<\/b> M\u1ed7i b\u00e0i h\u1ecdc khi \u0111\u01b0\u1ee3c chuy\u1ec3n \u0111\u1ed5i s\u1ebd tr\u1edf th\u00e0nh m\u1ed9t h\u1ec7 t\u00e0i s\u1ea3n \u0111a n\u0103ng bao g\u1ed3m \u0111\u1ea7y \u0111\u1ee7 Audio, Instrumental, Karaoke, Sheet nh\u1ea1c v\u00e0 Tab. \u0110i\u1ec1u n\u00e0y t\u1ea1o ra l\u1ee3i th\u1ebf c\u1ea1nh tranh \u0111\u1ed9c quy\u1ec1n cho c\u01a1 s\u1edf gi\u00e1o d\u1ee5c.<\/li><\/ul>\t\t\t\t\t\t\t\t<\/div>\n\t\t\t\t<div class=\"elementor-element elementor-element-0b255aa elementor-widget elementor-widget-button\" data-id=\"0b255aa\" data-element_type=\"widget\" data-widget_type=\"button.default\">\n\t\t\t\t\t\t\t\t\t\t<a class=\"elementor-button elementor-button-link elementor-size-sm\" href=\"https:\/\/xbookvn.com\/lien-he\/\">\n\t\t\t\t\t\t<span class=\"elementor-button-content-wrapper\">\n\t\t\t\t\t\t\t\t\t<span class=\"elementor-button-text\">Li\u00ean h\u1ec7 t\u01b0 v\u1ea5n<\/span>\n\t\t\t\t\t<\/span>\n\t\t\t\t\t<\/a>\n\t\t\t\t\t\t\t\t<\/div>\n\t\t\t\t<\/div>\n\t\t\t\t\t<\/div>\n\t\t\t\t<\/div>\n\t\t<div class=\"elementor-element elementor-element-67c7f78 e-flex e-con-boxed e-con e-parent\" data-id=\"67c7f78\" data-element_type=\"container\">\n\t\t\t\t\t<div class=\"e-con-inner\">\n\t\t\t\t<div class=\"elementor-element elementor-element-82a8b85 e-n-tabs-mobile elementor-widget elementor-widget-n-tabs\" data-id=\"82a8b85\" data-element_type=\"widget\" data-settings=\"{&quot;horizontal_scroll&quot;:&quot;disable&quot;}\" data-widget_type=\"nested-tabs.default\">\n\t\t\t\t\t\t\t<div class=\"e-n-tabs\" data-widget-number=\"137005957\" aria-label=\"C\u00e1c tab. M\u1edf m\u1ee5c b\u1eb1ng ph\u00edm Enter ho\u1eb7c Space, \u0111\u00f3ng b\u1eb1ng ph\u00edm Esc v\u00e0 di chuy\u1ec3n b\u1eb1ng c\u00e1c ph\u00edm m\u0169i t\u00ean.\">\n\t\t\t<div class=\"e-n-tabs-heading\" role=\"tablist\">\n\t\t\t\t\t<button id=\"e-n-tab-title-1370059571\" class=\"e-n-tab-title\" aria-selected=\"true\" data-tab-index=\"1\" role=\"tab\" tabindex=\"0\" aria-controls=\"e-n-tab-content-1370059571\" style=\"--n-tabs-title-order: 1;\">\n\t\t\t\t\t\t<span class=\"e-n-tab-title-text\">\n\t\t\t\tGi\u1edbi thi\u1ec7u MUSICs 4 KIDs\t\t\t<\/span>\n\t\t<\/button>\n\t\t\t\t\t<\/div>\n\t\t\t<div class=\"e-n-tabs-content\">\n\t\t\t\t<div id=\"e-n-tab-content-1370059571\" role=\"tabpanel\" aria-labelledby=\"e-n-tab-title-1370059571\" data-tab-index=\"1\" style=\"--n-tabs-title-order: 1;\" class=\"e-active elementor-element elementor-element-6c9b394 e-con-full e-flex e-con e-child\" data-id=\"6c9b394\" data-element_type=\"container\">\n\t\t\t\t<div class=\"elementor-element elementor-element-3523a24 elementor-widget elementor-widget-shortcode\" data-id=\"3523a24\" data-element_type=\"widget\" data-widget_type=\"shortcode.default\">\n\t\t\t\t\t\t\t<div class=\"elementor-shortcode\"><div class=\"real3dflipbook\" id=\"15_69d44c3313035\" style=\"position:absolute;\"><\/div><\/div>\n\t\t\t\t\t\t<\/div>\n\t\t\t\t<\/div>\n\t\t\t\t\t<\/div>\n\t\t<\/div>\n\t\t\t\t\t\t<\/div>\n\t\t\t\t\t<\/div>\n\t\t\t\t<\/div>\n\t\t\t\t<section class=\"elementor-section elementor-top-section elementor-element elementor-element-a82ee2a elementor-section-content-middle elementor-section-stretched elementor-section-boxed elementor-section-height-default elementor-section-height-default\" data-id=\"a82ee2a\" data-element_type=\"section\" data-settings=\"{&quot;stretch_section&quot;:&quot;section-stretched&quot;,&quot;background_background&quot;:&quot;classic&quot;}\">\n\t\t\t\t\t\t\t<div class=\"elementor-background-overlay\"><\/div>\n\t\t\t\t\t\t\t<div class=\"elementor-container elementor-column-gap-extended\">\n\t\t\t\t\t<div class=\"elementor-column elementor-col-50 elementor-top-column elementor-element elementor-element-e575c56\" data-id=\"e575c56\" data-element_type=\"column\">\n\t\t\t<div class=\"elementor-widget-wrap elementor-element-populated\">\n\t\t\t\t\t\t<div class=\"elementor-element elementor-element-ca89450 thim-ekits-heading-text-left elementor-widget thim-ekits-heading elementor-widget-thim-heading\" data-id=\"ca89450\" data-element_type=\"widget\" data-widget_type=\"thim-heading.default\">\n\t\t\t\t<div class=\"elementor-widget-container\">\n\t\t\t\t\t<div class=\"sc_heading text-left\"><h2 class=\"title\">T\u1ea1i sao h\u1ecdc sinh ch\u1eadt v\u1eadt v\u1edbi s\u00e1ch v\u1edf nh\u01b0ng l\u1ea1i d\u1ec5 d\u00e0ng thu\u1ed9c l\u00f2ng m\u1ed9t b\u00e0i h\u00e1t? <\/h2><div class=\"sub-heading\"><p>- Th\u1ef1c tr\u1ea1ng \"V\u0103n b\u1ea3n t\u0129nh\": \u0110\u1ea1i b\u1ed9 ph\u1eadn gi\u00e1o tr\u00ecnh hi\u1ec7n nay v\u1eabn t\u1ed3n t\u1ea1i d\u01b0\u1edbi d\u1ea1ng PDF ho\u1eb7c gi\u1ea5y, t\u1ea1o ra r\u00e0o c\u1ea3n l\u1edbn \u0111\u1ed1i v\u1edbi vi\u1ec7c kh\u01a1i g\u1ee3i c\u1ea3m h\u1ee9ng v\u00e0 ghi nh\u1edb d\u00e0i h\u1ea1n<\/p>\n<p>- Kho\u1ea3ng c\u00e1ch hi\u1ec7u qu\u1ea3: S\u1ef1 ch\u00eanh l\u1ec7ch gi\u1eefa kh\u1ed1i l\u01b0\u1ee3ng n\u1ed9i dung cung c\u1ea5p v\u00e0 kh\u1ea3 n\u0103ng h\u1ea5p th\u1ee5 th\u1ef1c t\u1ebf c\u1ee7a h\u1ecdc sinh ng\u00e0y c\u00e0ng l\u1edbn.<\/p>\n<p>- R\u00e0o c\u1ea3n t\u00e2m l\u00fd: S\u1ef1 nh\u00e0m ch\u00e1n c\u1ee7a c\u00e1c ph\u01b0\u01a1ng ph\u00e1p truy\u1ec1n th\u1ed1ng t\u1ea1o ra \"b\u1ed9 l\u1ecdc bi\u1ec3u c\u1ea3m\" \u2013 r\u00e0o c\u1ea3n khi\u1ebfn tr\u1ebb s\u1ee3 h\u1ecdc v\u00e0 kh\u00f3 ti\u1ebfp thu.<\/p>\n<p>\"V\u1ea5n \u0111\u1ec1 kh\u00f4ng n\u1eb1m \u1edf vi\u1ec7c thi\u1ebfu h\u1ee5t ki\u1ebfn th\u1ee9c, m\u00e0 n\u1eb1m \u1edf ph\u01b0\u01a1ng th\u1ee9c truy\u1ec1n t\u1ea3i n\u1ed9i dung \u0111\u00f3 \u0111\u1ebfn ng\u01b0\u1eddi h\u1ecdc.\"<\/p>\n<\/div><\/div>\t\t\t\t<\/div>\n\t\t\t\t<\/div>\n\t\t\t\t\t<\/div>\n\t\t<\/div>\n\t\t\t\t<div class=\"elementor-column elementor-col-25 elementor-top-column elementor-element elementor-element-98c75fd\" data-id=\"98c75fd\" data-element_type=\"column\">\n\t\t\t<div class=\"elementor-widget-wrap elementor-element-populated\">\n\t\t\t\t\t\t<div class=\"elementor-element elementor-element-f2095e1 elementor-widget thim-counters-box\" data-id=\"f2095e1\" data-element_type=\"widget\" data-widget_type=\"thim-counters-box.default\">\n\t\t\t\t<div class=\"elementor-widget-container\">\n\t\t\t\t\t<div class=\"counter-box home-page counter-icon-inherit\"><div class=\"content-box-percentage\"><div class=\"wrap-percentage\">\n\t\t\t\t\t<div class=\"display-percentage\" data-percentage=\"9500\">9500<\/div><\/div><div class=\"counter-content-container\"><div class=\"counter-box-content\">Trang gi\u00e1o tr\u00ecnh v\u1eabn \u0111ang t\u1ed3n t\u1ea1i \u1edf d\u1ea1ng \"v\u0103n b\u1ea3n t\u0129nh\" g\u00e2y nh\u00e0m ch\u00e1n cho ng\u01b0\u1eddi h\u1ecdc<\/div><\/div><\/div><\/div>\t\t\t\t<\/div>\n\t\t\t\t<\/div>\n\t\t\t\t<div class=\"elementor-element elementor-element-03524d5 elementor-widget thim-counters-box\" data-id=\"03524d5\" data-element_type=\"widget\" data-widget_type=\"thim-counters-box.default\">\n\t\t\t\t<div class=\"elementor-widget-container\">\n\t\t\t\t\t<div class=\"counter-box home-page counter-icon-inherit\"><div class=\"content-box-percentage\"><div class=\"wrap-percentage\">\n\t\t\t\t\t<div class=\"display-percentage\" data-percentage=\"12000\">12000<\/div><\/div><div class=\"counter-content-container\"><div class=\"counter-box-content\">Tr\u01b0\u1eddng h\u1ecdc \u0111ang \u0111\u1ed1i m\u1eb7t v\u1edbi th\u00e1ch th\u1ee9c v\u1ec1 vi\u1ec7c gi\u1eef ch\u00e2n h\u1ecdc vi\u00ean do n\u1ed9i dung thi\u1ebfu s\u1ee9c h\u00fat<\/div><\/div><\/div><\/div>\t\t\t\t<\/div>\n\t\t\t\t<\/div>\n\t\t\t\t\t<\/div>\n\t\t<\/div>\n\t\t\t\t<div class=\"elementor-column elementor-col-25 elementor-top-column elementor-element elementor-element-f949324\" data-id=\"f949324\" data-element_type=\"column\">\n\t\t\t<div class=\"elementor-widget-wrap elementor-element-populated\">\n\t\t\t\t\t\t<div class=\"elementor-element elementor-element-17f5be6 elementor-widget thim-counters-box\" data-id=\"17f5be6\" data-element_type=\"widget\" data-widget_type=\"thim-counters-box.default\">\n\t\t\t\t<div class=\"elementor-widget-container\">\n\t\t\t\t\t<div class=\"counter-box home-page counter-icon-inherit\"><div class=\"content-box-percentage\"><div class=\"wrap-percentage\">\n\t\t\t\t\t<div class=\"display-percentage\" data-percentage=\"35000\">35000<\/div><\/div><div class=\"counter-content-container\"><div class=\"counter-box-content\">Gi\u1edd h\u1ecdc m\u1ed7i n\u0103m b\u1ecb l\u00e3ng ph\u00ed do h\u1ecdc sinh kh\u00f4ng th\u1ec3 th\u1ea9m th\u1ea5u ki\u1ebfn th\u1ee9c kh\u00f4 khan<\/div><\/div><\/div><\/div>\t\t\t\t<\/div>\n\t\t\t\t<\/div>\n\t\t\t\t<div class=\"elementor-element elementor-element-f1f25e3 elementor-widget thim-counters-box\" data-id=\"f1f25e3\" data-element_type=\"widget\" data-widget_type=\"thim-counters-box.default\">\n\t\t\t\t<div class=\"elementor-widget-container\">\n\t\t\t\t\t<div class=\"counter-box home-page counter-icon-inherit\"><div class=\"content-box-percentage\"><div class=\"wrap-percentage\">\n\t\t\t\t\t<div class=\"display-percentage\" data-percentage=\"85000\">85000<\/div><\/div><div class=\"counter-content-container\"><div class=\"counter-box-content\">Ph\u1ee5 huynh mong mu\u1ed1n t\u00ecm ki\u1ebfm ph\u01b0\u01a1ng th\u1ee9c h\u1ecdc t\u1eadp t\u1ef1 nhi\u00ean v\u00e0 h\u00e0o h\u1ee9ng h\u01a1n cho con em<\/div><\/div><\/div><\/div>\t\t\t\t<\/div>\n\t\t\t\t<\/div>\n\t\t\t\t\t<\/div>\n\t\t<\/div>\n\t\t\t\t\t<\/div>\n\t\t<\/section>\n\t\t\t\t<section class=\"elementor-section elementor-top-section elementor-element elementor-element-8d7a493 elementor-section-stretched elementor-section-boxed elementor-section-height-default elementor-section-height-default\" data-id=\"8d7a493\" data-element_type=\"section\" data-settings=\"{&quot;stretch_section&quot;:&quot;section-stretched&quot;}\">\n\t\t\t\t\t\t<div class=\"elementor-container elementor-column-gap-no\">\n\t\t\t\t\t<div class=\"elementor-column elementor-col-100 elementor-top-column elementor-element elementor-element-836d480\" data-id=\"836d480\" data-element_type=\"column\">\n\t\t\t<div class=\"elementor-widget-wrap elementor-element-populated\">\n\t\t\t\t\t\t<div class=\"elementor-element elementor-element-21432d0 thim-ekits-heading-text-center elementor-widget__width-initial elementor-widget-tablet__width-inherit elementor-widget thim-ekits-heading elementor-widget-thim-heading\" data-id=\"21432d0\" data-element_type=\"widget\" data-widget_type=\"thim-heading.default\">\n\t\t\t\t<div class=\"elementor-widget-container\">\n\t\t\t\t\t<div class=\"sc_heading text-center\"><h2 class=\"title\">What Makes Musics 4 KIDs Special ? <\/h2><div class=\"sub-heading\"><p>xBook\u2122 kh\u00f4ng ch\u1ec9 l\u00e0 m\u1ed9t \u0111\u01a1n v\u1ecb s\u1ea3n xu\u1ea5t \u00e2m thanh, m\u00e0 l\u00e0 h\u1ec7 sinh th\u00e1i \"M\u00e3 h\u00f3a s\u01b0 ph\u1ea1m\" v\u00e0 chuy\u1ec3n \u0111\u1ed5i s\u1ed1 n\u1ed9i dung \u2013 n\u01a1i nh\u1eefng trang s\u00e1ch kh\u00f4 khan tr\u1edf n\u00ean s\u1ed1ng \u0111\u1ed9ng, gi\u00fap tri th\u1ee9c \u0111\u01b0\u1ee3c th\u1ea9m th\u1ea5u t\u1ef1 nhi\u00ean qua l\u0103ng k\u00ednh \u00e2m nh\u1ea1c.<\/p>\n<\/div><\/div>\t\t\t\t<\/div>\n\t\t\t\t<\/div>\n\t\t\t\t<section class=\"elementor-section elementor-inner-section elementor-element elementor-element-547e6bb elementor-section-boxed elementor-section-height-default elementor-section-height-default\" data-id=\"547e6bb\" data-element_type=\"section\">\n\t\t\t\t\t\t<div class=\"elementor-container elementor-column-gap-extended\">\n\t\t\t\t\t<div class=\"elementor-column elementor-col-50 elementor-inner-column elementor-element elementor-element-77baef8\" data-id=\"77baef8\" data-element_type=\"column\">\n\t\t\t<div class=\"elementor-widget-wrap elementor-element-populated\">\n\t\t\t\t\t\t<div class=\"elementor-element elementor-element-af1fbc5 iconbox-text-left elementor-widget elementor-widget-thim-icon-box\" data-id=\"af1fbc5\" data-element_type=\"widget\" data-widget_type=\"thim-icon-box.default\">\n\t\t\t\t<div class=\"elementor-widget-container\">\n\t\t\t\t\t<div class=\"thim-widget-icon-box\"><div class=\"wrapper-box-icon has_custom_image text-left\"><div class=\"smicon-box iconbox-top\"><div class=\"boxes-icon\"><span class=\"inner-icon\"><span class=\"icon icon-images\"><img decoding=\"async\" src=\"https:\/\/xbookvn.com\/wp-content\/uploads\/2026\/04\/gioithieudichvu_sachamnhac-scaled.jpg\" alt=\"gioithieudichvu_sachamnhac\"  width=\"2560\" height=\"1429\"><\/span><\/span><\/div><div class=\"content-inner\"><div class=\"sc-heading\"><h3 class=\"heading__primary\">Quy tr\u00ecnh \"H\u00f3a ph\u00e9p\" Tri th\u1ee9c<\/h3><\/div><div class=\"desc-icon-box\"><div class=\"desc-content\">M\u00e3 h\u00f3a S\u01b0 ph\u1ea1m (Pedagogical Engineering): Th\u1ef1c hi\u1ec7n ph\u00e2n t\u00edch s\u00e2u c\u1ea5u tr\u00fac b\u00e0i h\u1ecdc \u0111\u1ec3 t\u00e1ch l\u1ecdc t\u1eeb v\u1ef1ng, c\u1ea5u tr\u00fac ng\u1eef ph\u00e1p v\u00e0 ng\u1eef c\u1ea3nh. T\u1eeb \u0111\u00f3, ch\u00fang t\u00f4i \"m\u00e3 h\u00f3a\" l\u1ea1i th\u00e0nh c\u00e1c k\u1ecbch b\u1ea3n \u00e2m nh\u1ea1c (Music Scripts) gi\u00fap h\u1ecdc sinh ti\u1ebfp nh\u1eadn m\u00e0 kh\u00f4ng b\u1ecb qu\u00e1 t\u1ea3i nh\u1eadn th\u1ee9c.<br>\n<br>\nS\u1ea3n xu\u1ea5t \u00e2m thanh chuy\u00ean nghi\u1ec7p: S\u00e1ng t\u00e1c giai \u0111i\u1ec7u (Melody) v\u00e0 nh\u1ecbp \u0111i\u1ec7u (Chant) \u0111\u1ed9c quy\u1ec1n ph\u00f9 h\u1ee3p v\u1edbi t\u1eebng \u0111\u1ed9 tu\u1ed5i. Ch\u00fang t\u00f4i l\u1ed3ng gh\u00e9p c\u00e1c th\u1ec3 lo\u1ea1i nh\u1ea1c hi\u1ec7n \u0111\u1ea1i (Pop, Rap, Kids) v\u00e0 thu \u00e2m v\u1edbi gi\u1ecdng \u0111\u1ecdc\/h\u00e1t chu\u1ea9n qu\u1ed1c t\u1ebf.<br>\n<br>B\u00e0n giao t\u00e0i s\u1ea3n s\u1eed d\u1ee5ng ngay: Trung t\u00e2m nh\u1eadn file Audio v\u00e0 Lyrics ho\u00e0n ch\u1ec9nh \u0111\u1ec3 tri\u1ec3n khai tr\u1ef1c ti\u1ebfp trong c\u00e1c gi\u1edd h\u1ecdc, gi\u00fap h\u1ecdc sinh h\u00e0o h\u1ee9ng v\u00e0 l\u00e0m \u0111\u1ed9ng t\u00e1c theo nh\u1ea1c ngay t\u1ea1i l\u1edbp.<\/div><\/div><\/div><\/div><\/div><\/div>\t\t\t\t<\/div>\n\t\t\t\t<\/div>\n\t\t\t\t\t<\/div>\n\t\t<\/div>\n\t\t\t\t<div class=\"elementor-column elementor-col-50 elementor-inner-column elementor-element elementor-element-329de56\" data-id=\"329de56\" data-element_type=\"column\">\n\t\t\t<div class=\"elementor-widget-wrap elementor-element-populated\">\n\t\t\t\t\t\t<div class=\"elementor-element elementor-element-a70dc09 iconbox-text-left elementor-widget elementor-widget-thim-icon-box\" data-id=\"a70dc09\" data-element_type=\"widget\" data-widget_type=\"thim-icon-box.default\">\n\t\t\t\t<div class=\"elementor-widget-container\">\n\t\t\t\t\t<div class=\"thim-widget-icon-box\"><div class=\"wrapper-box-icon has_custom_image text-left\"><div class=\"smicon-box iconbox-top\"><div class=\"boxes-icon\"><span class=\"inner-icon\"><span class=\"icon icon-images\"><img decoding=\"async\" src=\"https:\/\/xbookvn.com\/wp-content\/uploads\/2026\/04\/quytringgiatri-scaled.jpg\" alt=\"quytring&#038;giatri\"  width=\"2560\" height=\"1429\"><\/span><\/span><\/div><div class=\"content-inner\"><div class=\"sc-heading\"><h3 class=\"heading__primary\">Gi\u00e1 tr\u1ecb Kh\u00e1c bi\u1ec7t & Hi\u1ec7u qu\u1ea3<\/h3><\/div><div class=\"desc-icon-box\"><div class=\"desc-content\">So s\u00e1nh hi\u1ec7u qu\u1ea3 \"Tr\u01b0\u1edbc & Sau\": Thay th\u1ebf c\u00e1ch d\u1ea1y truy\u1ec1n th\u1ed1ng (Flashcard, \u0111\u1ecdc ch\u00e9p kh\u00f4 khan) b\u1eb1ng nh\u1eefng b\u00e0i h\u00e1t s\u00f4i \u0111\u1ed9ng. K\u1ebft qu\u1ea3 l\u00e0 h\u1ecdc sinh ghi nh\u1edb t\u1ef1 nhi\u00ean, t\u1ef1 h\u00e1t l\u1ea1i t\u1ea1i nh\u00e0 v\u00e0 ph\u1ee5 huynh th\u1ea5y r\u00f5 s\u1ef1 ti\u1ebfn b\u1ed9.<br>\n<br>\nH\u1ec7 t\u00e0i s\u1ea3n th\u01b0\u01a1ng hi\u1ec7u l\u00e2u d\u00e0i: \u0110\u1ea7u t\u01b0 m\u1ed9t l\u1ea7n nh\u01b0ng c\u00f3 th\u1ec3 s\u1eed d\u1ee5ng cho nhi\u1ec1u n\u0103m h\u1ecdc v\u00e0 nhi\u1ec1u th\u1ebf h\u1ec7 h\u1ecdc sinh. N\u1ed9i dung s\u1ed1 h\u00f3a tr\u1edf th\u00e0nh t\u00e0i s\u1ea3n tr\u00ed tu\u1ec7 \u0111\u1ed9c quy\u1ec1n, gi\u00fap \u0111\u1ecbnh v\u1ecb th\u01b0\u01a1ng hi\u1ec7u kh\u00e1c bi\u1ec7t ho\u00e0n to\u00e0n tr\u00ean th\u1ecb tr\u01b0\u1eddng.<br>\n<br>\nKh\u1ea3 n\u0103ng m\u1edf r\u1ed9ng qu\u1ed1c t\u1ebf: S\u1ea3n xu\u1ea5t \u0111a ng\u00f4n ng\u1eef (Ti\u1ebfng Anh, Trung, Nh\u1eadt, H\u00e0n...) gi\u00fap c\u00e1c t\u1ed5 ch\u1ee9c gi\u00e1o d\u1ee5c d\u1ec5 d\u00e0ng m\u1edf r\u1ed9ng quy m\u00f4 ra th\u1ecb tr\u01b0\u1eddng qu\u1ed1c t\u1ebf.<\/div><\/div><\/div><\/div><\/div><\/div>\t\t\t\t<\/div>\n\t\t\t\t<\/div>\n\t\t\t\t\t<\/div>\n\t\t<\/div>\n\t\t\t\t\t<\/div>\n\t\t<\/section>\n\t\t\t\t\t<\/div>\n\t\t<\/div>\n\t\t\t\t\t<\/div>\n\t\t<\/section>\n\t\t<div class=\"elementor-element elementor-element-d10f431 e-flex e-con-boxed e-con e-parent\" data-id=\"d10f431\" data-element_type=\"container\">\n\t\t\t\t\t<div class=\"e-con-inner\">\n\t\t\t\t<div class=\"elementor-element elementor-element-22d1cc2 elementor-widget elementor-widget-thim-ekits-site-logo\" data-id=\"22d1cc2\" data-element_type=\"widget\" data-widget_type=\"thim-ekits-site-logo.default\">\n\t\t\t\t<div class=\"elementor-widget-container\">\n\t\t\t\t\t\n\t\t<div class=\"thim-ekit-site-logo\">\n\t\t\t\t\t\t\t<a href=\"https:\/\/xbookvn.com\/en\/\" rel=\"home\">\n\t\t\t\t\t<img decoding=\"async\" src=\"https:\/\/xbookvn.com\/wp-content\/uploads\/2023\/10\/svg-logo.svg\" title=\"\" alt=\"\" loading=\"lazy\" \/>\t\t\t\t<\/a>\n\t\t\t\t\t<\/div>\n\n\t\t\t\t\t\t<\/div>\n\t\t\t\t<\/div>\n\t\t\t\t\t<\/div>\n\t\t\t\t<\/div>\n\t\t\t\t<\/div>","protected":false},"excerpt":{"rendered":"<p>Bi\u1ebfn S\u00e1ch Gi\u00e1o Khoa Th\u00e0nh \u00c2m Nh\u1ea1c B\u01b0\u1edbc Ngo\u1eb7t C\u1ee7a Gi\u00e1o D\u1ee5c Hi\u1ec7n \u0110\u1ea1i Chuy\u1ec3n \u0111\u1ed5i s\u1ed1 n\u1ed9i dung qua l\u0103ng k\u00ednh \u00e2m nh\u1ea1c, gi\u00fap tri th\u1ee9c kh\u00f4ng ch\u1ec9 \u0111\u01b0\u1ee3c h\u1ecdc, m\u00e0 \u0111\u01b0\u1ee3c &#8220;s\u1ed1ng&#8221; trong t\u00e2m tr\u00ed ng\u01b0\u1eddi h\u1ecdc. MUSICs &hellip; <\/p>","protected":false},"author":3,"featured_media":0,"parent":0,"menu_order":0,"comment_status":"closed","ping_status":"closed","template":"","meta":{"pmpro_default_level":"","footnotes":""},"class_list":["post-31690","page","type-page","status-publish","hentry","pmpro-has-access"],"_links":{"self":[{"href":"https:\/\/xbookvn.com\/en\/wp-json\/wp\/v2\/pages\/31690","targetHints":{"allow":["GET"]}}],"collection":[{"href":"https:\/\/xbookvn.com\/en\/wp-json\/wp\/v2\/pages"}],"about":[{"href":"https:\/\/xbookvn.com\/en\/wp-json\/wp\/v2\/types\/page"}],"author":[{"embeddable":true,"href":"https:\/\/xbookvn.com\/en\/wp-json\/wp\/v2\/users\/3"}],"replies":[{"embeddable":true,"href":"https:\/\/xbookvn.com\/en\/wp-json\/wp\/v2\/comments?post=31690"}],"version-history":[{"count":64,"href":"https:\/\/xbookvn.com\/en\/wp-json\/wp\/v2\/pages\/31690\/revisions"}],"predecessor-version":[{"id":31768,"href":"https:\/\/xbookvn.com\/en\/wp-json\/wp\/v2\/pages\/31690\/revisions\/31768"}],"wp:attachment":[{"href":"https:\/\/xbookvn.com\/en\/wp-json\/wp\/v2\/media?parent=31690"}],"curies":[{"name":"wp","href":"https:\/\/api.w.org\/{rel}","templated":true}]}}