{"id":31347,"date":"2026-02-05T18:13:54","date_gmt":"2026-02-05T11:13:54","guid":{"rendered":"https:\/\/xbookvn.com\/?page_id=31347"},"modified":"2026-02-05T18:15:51","modified_gmt":"2026-02-05T11:15:51","slug":"accessibility-policy","status":"publish","type":"page","link":"https:\/\/xbookvn.com\/de\/accessibility-policy\/","title":{"rendered":"Accessibility Policy"},"content":{"rendered":"<div data-elementor-type=\"wp-page\" data-elementor-id=\"31347\" class=\"elementor elementor-31347\" data-elementor-post-type=\"page\">\n\t\t\t\t<div class=\"elementor-element elementor-element-8d0579a e-con-full e-flex e-con e-parent\" data-id=\"8d0579a\" data-element_type=\"container\">\n\t\t\t\t<div class=\"elementor-element elementor-element-7f2af9c3 elementor-widget elementor-widget-text-editor\" data-id=\"7f2af9c3\" data-element_type=\"widget\" data-widget_type=\"text-editor.default\">\n\t\t\t\t\t\t\t\t\t<div class=\"policy-wrap\"><h2>CH\u00cdNH S\u00c1CH KH\u1ea2 N\u0102NG TI\u1ebeP C\u1eacN WEBSITE (WEBSITE ACCESSIBILITY POLICY)<\/h2><h3>I. B\u1ea2N TI\u1ebeNG VI\u1ec6T \u2013 V\u0102N B\u1ea2N PH\u00c1P L\u00dd CAO NH\u1ea4T<\/h3><p><strong>Ch\u00ednh s\u00e1ch Kh\u1ea3 n\u0103ng Ti\u1ebfp c\u1eadn Website c\u1ee7a xBook<\/strong><br \/>C\u1eadp nh\u1eadt l\u1ea7n cu\u1ed1i: 15\/06\/2025<\/p><p>T\u1ea1i xBook, s\u1ee9 m\u1ec7nh c\u1ee7a ch\u00fang t\u00f4i l\u00e0 m\u1edf r\u1ed9ng kh\u1ea3 n\u0103ng ti\u1ebfp c\u1eadn gi\u00e1o d\u1ee5c ch\u1ea5t l\u01b0\u1ee3ng cao cho t\u1ea5t c\u1ea3 m\u1ecdi ng\u01b0\u1eddi, kh\u00f4ng ph\u00e2n bi\u1ec7t v\u1ecb tr\u00ed \u0111\u1ecba l\u00fd, \u0111i\u1ec1u ki\u1ec7n kinh t\u1ebf hay kh\u1ea3 n\u0103ng th\u1ec3 ch\u1ea5t \u2013 bao g\u1ed3m c\u1ea3 ng\u01b0\u1eddi h\u1ecdc khuy\u1ebft t\u1eadt.<\/p><p>Ch\u00fang t\u00f4i t\u00f4n tr\u1ecdng v\u00e0 th\u1ea5u hi\u1ec3u s\u1ef1 \u0111a d\u1ea1ng v\u1ec1 nhu c\u1ea7u, kh\u1ea3 n\u0103ng v\u00e0 g\u00f3c nh\u00ecn c\u1ee7a c\u1ed9ng \u0111\u1ed3ng ng\u01b0\u1eddi h\u1ecdc to\u00e0n c\u1ea7u s\u1eed d\u1ee5ng n\u1ec1n t\u1ea3ng xBook. M\u1ed7i ng\u01b0\u1eddi h\u1ecdc \u0111\u1ec1u c\u00f3 gi\u00e1 tr\u1ecb nh\u01b0 nhau, v\u00e0 v\u00ec v\u1eady, xBook cam k\u1ebft b\u1ea3o \u0111\u1ea3m n\u1ec1n t\u1ea3ng www.xbookVN.com c\u00f3 kh\u1ea3 n\u0103ng ti\u1ebfp c\u1eadn \u0111\u1ed1i v\u1edbi ng\u01b0\u1eddi khuy\u1ebft t\u1eadt, \u0111\u1ed3ng th\u1eddi cho ph\u00e9p v\u00e0 h\u1ed7 tr\u1ee3 c\u00e1c \u0111\u1ed1i t\u00e1c n\u1ed9i dung ph\u00e1t tri\u1ec3n, \u0111\u0103ng t\u1ea3i n\u1ed9i dung h\u1ecdc t\u1eadp \u0111\u00e1p \u1ee9ng c\u00e1c ti\u00eau chu\u1ea9n ti\u1ebfp c\u1eadn s\u1ed1.<\/p><p>\u0110\u1ec3 th\u1ef1c hi\u1ec7n cam k\u1ebft n\u00e0y, xBook tri\u1ec3n khai c\u00e1c nguy\u00ean t\u1eafc v\u00e0 bi\u1ec7n ph\u00e1p sau:<\/p><h3>1. Tu\u00e2n th\u1ee7 ti\u00eau chu\u1ea9n kh\u1ea3 n\u0103ng ti\u1ebfp c\u1eadn qu\u1ed1c t\u1ebf<\/h3><p>xBook h\u01b0\u1edbng t\u1edbi vi\u1ec7c tu\u00e2n th\u1ee7 Web Content Accessibility Guidelines (WCAG) phi\u00ean b\u1ea3n 2.1 \u2013 m\u1ee9c AA, do World Wide Web Consortium (W3C) ban h\u00e0nh. \u0110\u00e2y l\u00e0 b\u1ed9 ti\u00eau chu\u1ea9n qu\u1ed1c t\u1ebf \u0111\u01b0\u1ee3c c\u00f4ng nh\u1eadn r\u1ed9ng r\u00e3i nh\u1eb1m b\u1ea3o \u0111\u1ea3m website v\u00e0 n\u1ec1n t\u1ea3ng s\u1ed1 c\u00f3 th\u1ec3 \u0111\u01b0\u1ee3c s\u1eed d\u1ee5ng b\u1edfi ng\u01b0\u1eddi khuy\u1ebft t\u1eadt, bao g\u1ed3m nh\u01b0ng kh\u00f4ng gi\u1edbi h\u1ea1n \u1edf:<\/p><ul><li>Ng\u01b0\u1eddi khi\u1ebfm th\u1ecb ho\u1eb7c suy gi\u1ea3m th\u1ecb l\u1ef1c;<\/li><li>Ng\u01b0\u1eddi khi\u1ebfm th\u00ednh;<\/li><li>Ng\u01b0\u1eddi g\u1eb7p kh\u00f3 kh\u0103n trong v\u1eadn \u0111\u1ed9ng;<\/li><li>Ng\u01b0\u1eddi g\u1eb7p h\u1ea1n ch\u1ebf v\u1ec1 nh\u1eadn th\u1ee9c ho\u1eb7c th\u1ea7n kinh.<\/li><\/ul><p>B\u00ean c\u1ea1nh \u0111\u00f3, xBook cung c\u1ea5p c\u00e1c c\u00f4ng c\u1ee5 x\u00e2y d\u1ef1ng b\u00e0i gi\u1ea3ng cho ph\u00e9p \u0111\u1ed1i t\u00e1c n\u1ed9i dung ph\u00e1t tri\u1ec3n n\u1ed9i dung h\u1ecdc t\u1eadp ph\u00f9 h\u1ee3p v\u1edbi WCAG 2.1 AA.<\/p><h3>2. Ki\u1ec3m tra v\u00e0 \u0111\u00e1nh gi\u00e1 kh\u1ea3 n\u0103ng ti\u1ebfp c\u1eadn<\/h3><p>Vi\u1ec7c \u0111\u00e1nh gi\u00e1 m\u1ee9c \u0111\u1ed9 tu\u00e2n th\u1ee7 kh\u1ea3 n\u0103ng ti\u1ebfp c\u1eadn c\u1ee7a n\u1ec1n t\u1ea3ng xBook \u0111\u01b0\u1ee3c th\u1ef1c hi\u1ec7n th\u00f4ng qua:<\/p><ul><li>Ki\u1ec3m tra m\u00e3 ngu\u1ed3n th\u1ee7 c\u00f4ng;<\/li><li>Ki\u1ec3m th\u1eed t\u1ef1 \u0111\u1ed9ng b\u1eb1ng c\u00e1c c\u00f4ng c\u1ee5 \u0111\u01b0\u1ee3c c\u00f4ng nh\u1eadn trong ng\u00e0nh;<\/li><li>Ki\u1ec3m th\u1eed kh\u1ea3 n\u0103ng t\u01b0\u01a1ng th\u00edch v\u1edbi c\u00e1c c\u00f4ng c\u1ee5 h\u1ed7 tr\u1ee3 ti\u1ebfp c\u1eadn ph\u1ed5 bi\u1ebfn (v\u00ed d\u1ee5: tr\u00ecnh \u0111\u1ecdc m\u00e0n h\u00ecnh);<\/li><li>\u0110\u00e1nh gi\u00e1 \u0111\u1ecbnh k\u1ef3 b\u1edfi chuy\u00ean gia ho\u1eb7c \u0111\u01a1n v\u1ecb t\u01b0 v\u1ea5n \u0111\u1ed9c l\u1eadp v\u1ec1 kh\u1ea3 n\u0103ng ti\u1ebfp c\u1eadn s\u1ed1 (khi c\u1ea7n thi\u1ebft).<\/li><\/ul><h3>3. \u01afu ti\u00ean x\u1eed l\u00fd l\u1ed7i li\u00ean quan \u0111\u1ebfn kh\u1ea3 n\u0103ng ti\u1ebfp c\u1eadn<\/h3><p>xBook cam k\u1ebft \u01b0u ti\u00ean x\u1eed l\u00fd c\u00e1c l\u1ed7i \u1ea3nh h\u01b0\u1edfng \u0111\u1ebfn kh\u1ea3 n\u0103ng ti\u1ebfp c\u1eadn v\u1edbi m\u1ee9c \u0111\u1ed9 t\u01b0\u01a1ng \u0111\u01b0\u01a1ng c\u00e1c l\u1ed7i g\u00e2y m\u1ea5t ch\u1ee9c n\u0103ng nghi\u00eam tr\u1ecdng \u0111\u1ed1i v\u1edbi ng\u01b0\u1eddi d\u00f9ng kh\u00f4ng khuy\u1ebft t\u1eadt. M\u1ecdi v\u1ea5n \u0111\u1ec1 l\u00e0m c\u1ea3n tr\u1edf vi\u1ec7c ti\u1ebfp c\u1eadn n\u1ed9i dung h\u1ecdc t\u1eadp \u0111\u1ec1u \u0111\u01b0\u1ee3c xem x\u00e9t nghi\u00eam t\u00fac v\u00e0 x\u1eed l\u00fd k\u1ecbp th\u1eddi.<\/p><h3>4. Truy\u1ec1n th\u00f4ng v\u00e0 ph\u1ed5 bi\u1ebfn ch\u00ednh s\u00e1ch<\/h3><p>Ch\u00ednh s\u00e1ch Kh\u1ea3 n\u0103ng Ti\u1ebfp c\u1eadn n\u00e0y \u0111\u01b0\u1ee3c:<\/p><ul><li>C\u00f4ng b\u1ed1 c\u00f4ng khai tr\u00ean website xBook;<\/li><li>Ph\u1ed5 bi\u1ebfn \u0111\u1ebfn c\u00e1c \u0111\u1ed1i t\u00e1c n\u1ed9i dung;<\/li><li>Chia s\u1ebb v\u1edbi c\u00e1c nh\u00e2n s\u1ef1, c\u1ed9ng t\u00e1c vi\u00ean v\u00e0 nh\u00e0 th\u1ea7u c\u00f3 li\u00ean quan trong h\u1ec7 sinh th\u00e1i xBook.<\/li><\/ul><h3>5. Y\u00eau c\u1ea7u \u0111\u1ed1i v\u1edbi n\u1ed9i dung h\u1ecdc t\u1eadp<\/h3><p>xBook y\u00eau c\u1ea7u:<\/p><ul><li>T\u1ea5t c\u1ea3 video h\u1ecdc t\u1eadp ph\u1ea3i c\u00f3 ph\u1ee5 \u0111\u1ec1 \u0111\u1ed3ng b\u1ed9 theo th\u1eddi gian (timed captions);<\/li><li>C\u00e1c \u0111\u1ed1i t\u00e1c n\u1ed9i dung ph\u1ea3i tu\u00e2n th\u1ee7 ngh\u0129a v\u1ee5 \u0111\u1ed9c l\u1eadp c\u1ee7a h\u1ecd theo c\u00e1c quy \u0111\u1ecbnh ph\u00e1p lu\u1eadt v\u1ec1 kh\u1ea3 n\u0103ng ti\u1ebfp c\u1eadn \u00e1p d\u1ee5ng t\u1ea1i qu\u1ed1c gia ho\u1eb7c khu v\u1ef1c li\u00ean quan.<\/li><\/ul><p>Nh\u1eb1m h\u1ed7 tr\u1ee3 \u0111\u1ed1i t\u00e1c n\u1ed9i dung, xBook x\u00e2y d\u1ef1ng v\u00e0 cung c\u1ea5p H\u01b0\u1edbng d\u1eabn Th\u1ef1c h\u00e0nh T\u1ed1t v\u1ec1 Kh\u1ea3 n\u0103ng Ti\u1ebfp c\u1eadn cho Nh\u00e0 ph\u00e1t tri\u1ec3n N\u1ed9i dung, gi\u00fap b\u1ea3o \u0111\u1ea3m n\u1ed9i dung h\u1ecdc t\u1eadp \u0111\u00e1p \u1ee9ng nhu c\u1ea7u \u0111a d\u1ea1ng c\u1ee7a ng\u01b0\u1eddi h\u1ecdc khuy\u1ebft t\u1eadt.<\/p><h3>6. Nh\u00e2n s\u1ef1 ph\u1ee5 tr\u00e1ch kh\u1ea3 n\u0103ng ti\u1ebfp c\u1eadn<\/h3><p>xBook c\u00f3 \u0111\u1ed9i ng\u0169 chuy\u00ean tr\u00e1ch ho\u1eb7c nh\u00e2n s\u1ef1 \u0111\u01b0\u1ee3c ch\u1ec9 \u0111\u1ecbnh c\u00f3 ki\u1ebfn th\u1ee9c chuy\u00ean m\u00f4n v\u1ec1 kh\u1ea3 n\u0103ng ti\u1ebfp c\u1eadn website v\u00e0 ti\u00eau chu\u1ea9n ti\u1ebfp c\u1eadn s\u1ed1, ch\u1ecbu tr\u00e1ch nhi\u1ec7m:<\/p><ul><li>\u0110i\u1ec1u ph\u1ed1i c\u00e1c ho\u1ea1t \u0111\u1ed9ng li\u00ean quan \u0111\u1ebfn kh\u1ea3 n\u0103ng ti\u1ebfp c\u1eadn;<\/li><li>Theo d\u00f5i vi\u1ec7c tu\u00e2n th\u1ee7 ti\u00eau chu\u1ea9n;<\/li><li>L\u00e0 \u0111\u1ea7u m\u1ed1i ti\u1ebfp nh\u1eadn v\u00e0 x\u1eed l\u00fd c\u00e1c v\u1ea5n \u0111\u1ec1 li\u00ean quan.<\/li><\/ul><h3>7. \u0110\u00e0o t\u1ea1o n\u1ed9i b\u1ed9<\/h3><p>xBook t\u1ed5 ch\u1ee9c \u0111\u00e0o t\u1ea1o \u0111\u1ecbnh k\u1ef3 h\u1eb1ng n\u0103m cho nh\u00e2n vi\u00ean v\u00e0 c\u00e1c b\u00ean li\u00ean quan nh\u1eb1m n\u00e2ng cao nh\u1eadn th\u1ee9c v\u00e0 n\u0103ng l\u1ef1c trong vi\u1ec7c b\u1ea3o \u0111\u1ea3m n\u1ec1n t\u1ea3ng tu\u00e2n th\u1ee7 WCAG 2.1 AA.<\/p><h3>8. Ti\u1ebfp nh\u1eadn ph\u1ea3n h\u1ed3i v\u00e0 h\u1ed7 tr\u1ee3<\/h3><p>xBook hoan ngh\u00eanh m\u1ecdi ph\u1ea3n h\u1ed3i li\u00ean quan \u0111\u1ebfn kh\u1ea3 n\u0103ng ti\u1ebfp c\u1eadn, bao g\u1ed3m y\u00eau c\u1ea7u h\u1ed7 tr\u1ee3 ho\u1eb7c \u0111i\u1ec1u ch\u1ec9nh ph\u00f9 h\u1ee3p cho ng\u01b0\u1eddi h\u1ecdc khuy\u1ebft t\u1eadt.<\/p><p>M\u1ecdi ph\u1ea3n h\u1ed3i vui l\u00f2ng g\u1eedi v\u1ec1:<\/p><p><strong>Email:<\/strong> <span \n                data-original-string='yVBrE+zYs1IdOQjHUwyYdQ==c07ZBl2j9HbdURGzvEZGY\/MdTu1PFFIYWxo+mJG\/5VwwZ8='\n                class='apbct-email-encoder'\n                title='Dieser Kontakt wurde von Anti-Spam by CleanTalk verschl\u00fcsselt. Klicken Sie hier, um ihn zu entschl\u00fcsseln. Um die Entschl\u00fcsselung abzuschlie\u00dfen, stellen Sie sicher, dass JavaScript in Ihrem Browser aktiviert ist.'>ac<span class=\"apbct-blur\">***********<\/span>@<span class=\"apbct-blur\">*****<\/span>VN.com<\/span><\/p><h3>9. Cam k\u1ebft c\u1ea3i ti\u1ebfn li\u00ean t\u1ee5c<\/h3><p>Kh\u1ea3 n\u0103ng ti\u1ebfp c\u1eadn l\u00e0 m\u1ed9t qu\u00e1 tr\u00ecnh c\u1ea3i ti\u1ebfn li\u00ean t\u1ee5c, \u0111\u1eb7c bi\u1ec7t trong b\u1ed1i c\u1ea3nh c\u00f4ng ngh\u1ec7 ph\u00e1t tri\u1ec3n nhanh ch\u00f3ng. xBook cam k\u1ebft th\u01b0\u1eddng xuy\u00ean r\u00e0 so\u00e1t, c\u1eadp nh\u1eadt v\u00e0 n\u00e2ng cao kh\u1ea3 n\u0103ng ti\u1ebfp c\u1eadn c\u1ee7a n\u1ec1n t\u1ea3ng nh\u1eb1m ph\u1ee5c v\u1ee5 t\u1ed1t h\u01a1n c\u1ed9ng \u0111\u1ed3ng ng\u01b0\u1eddi h\u1ecdc \u0111a d\u1ea1ng.<\/p><h2>WEBSITE ACCESSIBILITY POLICY<\/h2><p><strong>English Version (For Reference)<\/strong><\/p><p><strong>Website Accessibility Policy of xBook<\/strong><br \/>Last Updated: 15 June 2025<\/p><p>At xBook, our mission is to expand access to high-quality education for everyone, regardless of geographic location, economic conditions, or physical abilities \u2013 including learners with disabilities.<\/p><p>We respect and recognise the diversity of needs, abilities, and perspectives within the global learning community using the xBook platform. Every learner is valued equally. Accordingly, xBook is committed to ensuring that the website www.xBookVN.com is accessible to individuals with disabilities and that our platform enables and supports content partners in developing and publishing accessible learning content.<\/p><p>To fulfil this commitment, xBook implements the following principles and measures:<\/p><h3>1. Compliance with International Accessibility Standards<\/h3><p>xBook aims to conform to the Web Content Accessibility Guidelines (WCAG) version 2.1, Level AA, published by the World Wide Web Consortium (W3C). These internationally recognised standards are designed to ensure that websites and digital platforms are accessible to people with disabilities, including but not limited to:<\/p><ul><li>Individuals who are blind or have visual impairments;<\/li><li>Individuals who are deaf or hard of hearing;<\/li><li>Individuals with motor impairments;<\/li><li>Individuals with cognitive or neurological limitations.<\/li><\/ul><p>In addition, xBook provides course authoring and content development tools that enable content partners to create learning materials aligned with WCAG 2.1 AA requirements.<\/p><h3>2. Accessibility Testing and Evaluation<\/h3><p>xBook assesses the accessibility compliance of its platform through a combination of:<\/p><ul><li>Manual source code inspections;<\/li><li>Automated testing using industry-recognised accessibility tools;<\/li><li>Compatibility testing with commonly used assistive technologies (such as screen readers);<\/li><li>Periodic reviews conducted by accessibility specialists or independent digital accessibility consultants, where appropriate.<\/li><\/ul><h3>3. Prioritisation of Accessibility Issues<\/h3><p>xBook prioritises the remediation of accessibility-related issues with the same level of urgency as issues that result in significant loss of functionality for users without disabilities. Any issue that hinders access to learning content is treated seriously and addressed promptly.<\/p><h3>4. Communication and Distribution of This Policy<\/h3><p>This Website Accessibility Policy is:<\/p><ul><li>Publicly available on the xBook website;<\/li><li>Communicated to content partners;<\/li><li>Shared with relevant employees, collaborators, and contractors within the xBook ecosystem.<\/li><\/ul><h3>5. Requirements for Learning Content<\/h3><p>xBook requires that:<\/p><ul><li>All instructional videos include synchronised, time-based captions;<\/li><li>Content partners comply with their independent obligations under applicable accessibility laws and regulations in their respective jurisdictions.<\/li><\/ul><p>To support content partners, xBook develops and distributes Accessibility Best Practices Guidelines for Content Developers, helping to ensure that learning materials meet the diverse needs of learners with disabilities.<\/p><h3>6. Accessibility Responsibility and Governance<\/h3><p>xBook maintains dedicated personnel or designated specialists with expertise in website accessibility and digital accessibility standards who are responsible for:<\/p><ul><li>Coordinating accessibility-related initiatives;<\/li><li>Monitoring compliance with applicable standards;<\/li><li>Serving as a point of contact for accessibility matters.<\/li><\/ul><h3>7. Internal Training<\/h3><p>xBook provides regular (at least annual) training to employees and relevant contractors to enhance awareness and capability in maintaining compliance with WCAG 2.1 AA.<\/p><h3>8. Feedback and Support<\/h3><p>xBook welcomes feedback related to website accessibility, including requests for reasonable accommodation for learners with disabilities.<\/p><p>Accessibility-related inquiries may be directed to:<\/p><p><strong>Email:<\/strong> <span \n                data-original-string='1aAgDiB\/4Z0x36k7xKx4iw==c077gAakbv1y3\/IOck\/0eGfFRnL4mleOaO5CbpnGlH9IIk='\n                class='apbct-email-encoder'\n                title='Dieser Kontakt wurde von Anti-Spam by CleanTalk verschl\u00fcsselt. Klicken Sie hier, um ihn zu entschl\u00fcsseln. Um die Entschl\u00fcsselung abzuschlie\u00dfen, stellen Sie sicher, dass JavaScript in Ihrem Browser aktiviert ist.'>ac<span class=\"apbct-blur\">***********<\/span>@<span class=\"apbct-blur\">*****<\/span>VN.com<\/span><\/p><h3>9. Continuous Improvement<\/h3><p>Accessibility is an ongoing process, particularly in the context of rapidly evolving technology. xBook is committed to continuously reviewing, updating, and improving the accessibility of its platform to better serve a diverse global learning community.<\/p><p>Legal Notice: This English version is provided for reference purposes only. In the event of any inconsistency or discrepancy in interpretation, the Vietnamese version shall prevail as the legally binding document.<\/p><\/div>\t\t\t\t\t\t\t\t<\/div>\n\t\t\t\t<\/div>\n\t\t\t\t<\/div>","protected":false},"excerpt":{"rendered":"<p>CH\u00cdNH S\u00c1CH KH\u1ea2 N\u0102NG TI\u1ebeP C\u1eacN WEBSITE (WEBSITE ACCESSIBILITY POLICY) I. B\u1ea2N TI\u1ebeNG VI\u1ec6T \u2013 V\u0102N B\u1ea2N PH\u00c1P L\u00dd CAO NH\u1ea4T Ch\u00ednh s\u00e1ch Kh\u1ea3 n\u0103ng Ti\u1ebfp c\u1eadn Website c\u1ee7a xBookC\u1eadp nh\u1eadt l\u1ea7n cu\u1ed1i: 15\/06\/2025 T\u1ea1i xBook, s\u1ee9 m\u1ec7nh c\u1ee7a ch\u00fang &hellip; <\/p>","protected":false},"author":3,"featured_media":0,"parent":0,"menu_order":0,"comment_status":"closed","ping_status":"closed","template":"elementor_header_footer","meta":{"pmpro_default_level":"","footnotes":""},"class_list":["post-31347","page","type-page","status-publish","hentry","pmpro-has-access"],"_links":{"self":[{"href":"https:\/\/xbookvn.com\/de\/wp-json\/wp\/v2\/pages\/31347","targetHints":{"allow":["GET"]}}],"collection":[{"href":"https:\/\/xbookvn.com\/de\/wp-json\/wp\/v2\/pages"}],"about":[{"href":"https:\/\/xbookvn.com\/de\/wp-json\/wp\/v2\/types\/page"}],"author":[{"embeddable":true,"href":"https:\/\/xbookvn.com\/de\/wp-json\/wp\/v2\/users\/3"}],"replies":[{"embeddable":true,"href":"https:\/\/xbookvn.com\/de\/wp-json\/wp\/v2\/comments?post=31347"}],"version-history":[{"count":4,"href":"https:\/\/xbookvn.com\/de\/wp-json\/wp\/v2\/pages\/31347\/revisions"}],"predecessor-version":[{"id":31362,"href":"https:\/\/xbookvn.com\/de\/wp-json\/wp\/v2\/pages\/31347\/revisions\/31362"}],"wp:attachment":[{"href":"https:\/\/xbookvn.com\/de\/wp-json\/wp\/v2\/media?parent=31347"}],"curies":[{"name":"wp","href":"https:\/\/api.w.org\/{rel}","templated":true}]}}