{"id":31324,"date":"2026-02-05T16:47:55","date_gmt":"2026-02-05T09:47:55","guid":{"rendered":"https:\/\/xbookvn.com\/?page_id=31324"},"modified":"2026-02-05T17:10:14","modified_gmt":"2026-02-05T10:10:14","slug":"terms-of-service","status":"publish","type":"page","link":"https:\/\/xbookvn.com\/de\/terms-of-service\/","title":{"rendered":"Terms of Service"},"content":{"rendered":"<div data-elementor-type=\"wp-page\" data-elementor-id=\"31324\" class=\"elementor elementor-31324\" data-elementor-post-type=\"page\">\n\t\t\t\t<div class=\"elementor-element elementor-element-8d0579a e-con-full e-flex e-con e-parent\" data-id=\"8d0579a\" data-element_type=\"container\">\n\t\t\t\t<div class=\"elementor-element elementor-element-7f2af9c3 elementor-widget elementor-widget-text-editor\" data-id=\"7f2af9c3\" data-element_type=\"widget\" data-widget_type=\"text-editor.default\">\n\t\t\t\t\t\t\t\t\t<div class=\"policy-wrap\"><h2>\u0110I\u1ec0U KHO\u1ea2N S\u1eec D\u1ee4NG (TERMS OF SERVICE) C\u1ee6A xBOOK<\/h2><p><strong>\u0110I\u1ec0U KHO\u1ea2N S\u1eec D\u1ee4NG (TERMS OF SERVICE) C\u1ee6A xBOOK<\/strong><\/p><h3>I. B\u1ea2N TI\u1ebeNG VI\u1ec6T \u2013 V\u0102N B\u1ea2N PH\u00c1P L\u00dd CAO NH\u1ea4T<\/h3><p><strong>\u0110i\u1ec1u kho\u1ea3n S\u1eed d\u1ee5ng c\u1ee7a xBook<\/strong><br \/>C\u1eadp nh\u1eadt l\u1ea7n cu\u1ed1i: 03\/11\/2025<\/p><p>Ch\u00e0o m\u1eebng b\u1ea1n \u0111\u1ebfn v\u1edbi xBook. C\u1ea3m \u01a1n b\u1ea1n \u0111\u00e3 quan t\u00e2m v\u00e0 s\u1eed d\u1ee5ng n\u1ec1n t\u1ea3ng h\u1ecdc t\u1eadp tr\u1ef1c tuy\u1ebfn xBook (sau \u0111\u00e2y g\u1ecdi l\u00e0 \u201cxBook\u201d, \u201cch\u00fang t\u00f4i\u201d).<\/p><p>\u0110i\u1ec1u kho\u1ea3n S\u1eed d\u1ee5ng n\u00e0y \u00e1p d\u1ee5ng cho website xbookvn.com, c\u00e1c website li\u00ean quan, \u1ee9ng d\u1ee5ng di \u0111\u1ed9ng, c\u00e1c \u1ee9ng d\u1ee5ng \u0111\u01b0\u1ee3c l\u01b0u tr\u1eef, t\u1ea3i xu\u1ed1ng ho\u1eb7c c\u00e1c d\u1ecbch v\u1ee5 kh\u00e1c do xBook cung c\u1ea5p (g\u1ecdi chung l\u00e0 \u201cD\u1ecbch v\u1ee5\u201d). \u0110i\u1ec1u kho\u1ea3n n\u00e0y l\u00e0 th\u1ecfa thu\u1eadn ph\u00e1p l\u00fd r\u00e0ng bu\u1ed9c gi\u1eefa b\u1ea1n v\u00e0 xBook li\u00ean quan \u0111\u1ebfn vi\u1ec7c b\u1ea1n truy c\u1eadp v\u00e0 s\u1eed d\u1ee5ng D\u1ecbch v\u1ee5.<\/p><p><strong>VUI L\u00d2NG \u0110\u1eccC K\u1ef8 \u0110I\u1ec0U KHO\u1ea2N N\u00c0Y<\/strong><\/p><p><strong>B\u1eb0NG VI\u1ec6C T\u1ea0O T\u00c0I KHO\u1ea2N xBOOK, T\u1ea2I XU\u1ed0NG, C\u00c0I \u0110\u1eb6T, TRUY C\u1eacP HO\u1eb6C S\u1eec D\u1ee4NG D\u1ecaCH V\u1ee4, B\u1ea0N X\u00c1C NH\u1eacN R\u1eb0NG B\u1ea0N \u0110\u00c3 \u0110\u1eccC, HI\u1ec2U V\u00c0 \u0110\u1ed2NG \u00dd B\u1eca R\u00c0NG BU\u1ed8C B\u1edeI \u0110I\u1ec0U KHO\u1ea2N N\u00c0Y, BAO G\u1ed2M CH\u00cdNH S\u00c1CH QUY\u1ec0N RI\u00caNG T\u01af, CH\u00cdNH S\u00c1CH HO\u00c0N TI\u1ec0N, QUY T\u1eaeC H\u1eccC THU\u1eacT (HONOR CODE)V\u00c0 C\u00c1C CH\u00cdNH S\u00c1CH LI\u00caN QUAN KH\u00c1C (G\u1eccI CHUNG L\u00c0 \u201c\u0110I\u1ec0U KHO\u1ea2N\u201d).<\/strong><\/p><p><strong>N\u1ebeU B\u1ea0N KH\u00d4NG \u0110\u1ee6 \u0110I\u1ec0U KI\u1ec6N S\u1eec D\u1ee4NG D\u1ecaCH V\u1ee4 HO\u1eb6C KH\u00d4NG \u0110\u1ed2NG \u00dd V\u1edaI \u0110I\u1ec0U KHO\u1ea2N N\u00c0Y, B\u1ea0N KH\u00d4NG \u0110\u01af\u1ee2C PH\u00c9P S\u1eec D\u1ee4NG D\u1ecaCH V\u1ee4.<\/strong><\/p><p>L\u01b0u \u00fd v\u1ec1 ng\u00f4n ng\u1eef: Trong tr\u01b0\u1eddng h\u1ee3p c\u00f3 b\u1ea3n d\u1ecbch sang ng\u00f4n ng\u1eef kh\u00e1c, b\u1ea3n ti\u1ebfng Vi\u1ec7t l\u00e0 b\u1ea3n c\u00f3 gi\u00e1 tr\u1ecb ph\u00e1p l\u00fd cao nh\u1ea5t.<\/p><h3>1. T\u1ed4NG QUAN D\u1ecaCH V\u1ee4 xBOOK<\/h3><p>xBook l\u00e0 n\u1ec1n t\u1ea3ng gi\u00e1o d\u1ee5c s\u1ed1 \u0111\u1ecbnh h\u01b0\u1edbng s\u1ee9 m\u1ec7nh, cung c\u1ea5p c\u00e1c kh\u00f3a h\u1ecdc, ch\u01b0\u01a1ng tr\u00ecnh h\u1ecdc, m\u00f4 ph\u1ecfng h\u1ecdc t\u1eadp, ch\u1ee9ng ch\u1ec9, v\u00e0 c\u00e1c n\u1ed9i dung gi\u00e1o d\u1ee5c kh\u00e1c (g\u1ecdi chung l\u00e0 \u201cN\u1ed9i dung h\u1ecdc t\u1eadp\u201d).<\/p><p>Th\u00f4ng qua D\u1ecbch v\u1ee5, b\u1ea1n c\u00f3 th\u1ec3:<\/p><ul><li>Duy\u1ec7t v\u00e0 t\u00ecm hi\u1ec3u c\u00e1c kh\u00f3a h\u1ecdc\/ch\u01b0\u01a1ng tr\u00ecnh;<\/li><li>T\u1ea1o t\u00e0i kho\u1ea3n ng\u01b0\u1eddi d\u00f9ng;<\/li><li>\u0110\u0103ng k\u00fd nh\u1eadn th\u00f4ng tin v\u1ec1 kh\u00f3a h\u1ecdc;<\/li><li>\u0110\u0103ng k\u00fd h\u1ecdc c\u00f3 ph\u00ed ho\u1eb7c mi\u1ec5n ph\u00ed;<\/li><li>Tham gia h\u1ecdc t\u1eadp, l\u00e0m b\u00e0i ki\u1ec3m tra, nh\u1eadn k\u1ebft qu\u1ea3 v\u00e0 ch\u1ee9ng nh\u1eadn (n\u1ebfu c\u00f3);<\/li><li>\u0110\u00f3ng g\u00f3p ph\u1ea3n h\u1ed3i v\u1ec1 kh\u00f3a h\u1ecdc.<\/li><\/ul><p>M\u1ed9t s\u1ed1 N\u1ed9i dung h\u1ecdc t\u1eadp \u0111\u01b0\u1ee3c cung c\u1ea5p b\u1edfi \u0110\u1ed1i t\u00e1c N\u1ed9i dung (tr\u01b0\u1eddng h\u1ecdc, gi\u1ea3ng vi\u00ean, t\u1ed5 ch\u1ee9c gi\u00e1o d\u1ee5c). xBook \u0111\u00f3ng vai tr\u00f2 n\u1ec1n t\u1ea3ng c\u00f4ng ngh\u1ec7 v\u00e0 kh\u00f4ng thay th\u1ebf quy\u1ec1n h\u1ecdc thu\u1eadt ho\u1eb7c quy ch\u1ebf \u0111\u00e0o t\u1ea1o c\u1ee7a c\u00e1c \u0110\u1ed1i t\u00e1c N\u1ed9i dung.<\/p><h3>2. \u0110I\u1ec0U KI\u1ec6N S\u1eec D\u1ee4NG<\/h3><p>B\u1ea1n ph\u1ea3i t\u1eeb \u0111\u1ee7 13 tu\u1ed5i tr\u1edf l\u00ean \u0111\u1ec3 s\u1eed d\u1ee5ng D\u1ecbch v\u1ee5. B\u1eb1ng vi\u1ec7c \u0111\u1ed3ng \u00fd v\u1edbi \u0110i\u1ec1u kho\u1ea3n n\u00e0y, b\u1ea1n x\u00e1c nh\u1eadn r\u1eb1ng:<\/p><ul><li>B\u1ea1n \u0111\u1ee7 tu\u1ed5i h\u1ee3p ph\u00e1p \u0111\u1ec3 s\u1eed d\u1ee5ng D\u1ecbch v\u1ee5;<\/li><li>B\u1ea1n ch\u01b0a t\u1eebng b\u1ecb \u0111\u00ecnh ch\u1ec9 ho\u1eb7c ch\u1ea5m d\u1ee9t quy\u1ec1n s\u1eed d\u1ee5ng D\u1ecbch v\u1ee5;<\/li><li>Vi\u1ec7c b\u1ea1n \u0111\u0103ng k\u00fd v\u00e0 s\u1eed d\u1ee5ng D\u1ecbch v\u1ee5 tu\u00e2n th\u1ee7 ph\u00e1p lu\u1eadt hi\u1ec7n h\u00e0nh.<\/li><\/ul><p>N\u1ebfu b\u1ea1n \u0111\u1ea1i di\u1ec7n cho m\u1ed9t t\u1ed5 ch\u1ee9c, b\u1ea1n x\u00e1c nh\u1eadn c\u00f3 \u0111\u1ea7y \u0111\u1ee7 th\u1ea9m quy\u1ec1n \u0111\u1ec3 r\u00e0ng bu\u1ed9c t\u1ed5 ch\u1ee9c \u0111\u00f3 v\u1edbi \u0110i\u1ec1u kho\u1ea3n n\u00e0y.<\/p><h3>3. T\u00c0I KHO\u1ea2N NG\u01af\u1edcI D\u00d9NG<\/h3><p>\u0110\u1ec3 s\u1eed d\u1ee5ng h\u1ea7u h\u1ebft c\u00e1c ch\u1ee9c n\u0103ng, b\u1ea1n ph\u1ea3i t\u1ea1o t\u00e0i kho\u1ea3n v\u00e0 cung c\u1ea5p th\u00f4ng tin ch\u00ednh x\u00e1c, \u0111\u1ea7y \u0111\u1ee7, c\u1eadp nh\u1eadt.<\/p><p>B\u1ea1n ch\u1ecbu tr\u00e1ch nhi\u1ec7m:<\/p><ul><li>B\u1ea3o m\u1eadt t\u00ean \u0111\u0103ng nh\u1eadp v\u00e0 m\u1eadt kh\u1ea9u;<\/li><li>M\u1ecdi ho\u1ea1t \u0111\u1ed9ng ph\u00e1t sinh t\u1eeb t\u00e0i kho\u1ea3n c\u1ee7a b\u1ea1n;<\/li><li>Th\u00f4ng b\u00e1o ngay cho xBook khi ph\u00e1t hi\u1ec7n truy c\u1eadp tr\u00e1i ph\u00e9p.<\/li><\/ul><h3>4. KH\u00d3A H\u1eccC, CH\u01af\u01a0NG TR\u00ccNH &amp; CH\u1ee8NG CH\u1ec8<\/h3><p>M\u1ed9t s\u1ed1 kh\u00f3a h\u1ecdc c\u00f3 l\u1ed9 tr\u00ecnh mi\u1ec5n ph\u00ed (Audit) v\u00e0 c\u00f3 ph\u00ed (Certificate).<\/p><p>Ch\u1ee9ng ch\u1ec9 ch\u1ec9 \u0111\u01b0\u1ee3c c\u1ea5p khi b\u1ea1n ho\u00e0n th\u00e0nh kh\u00f3a h\u1ecdc theo ti\u00eau ch\u00ed \u0111\u00e1nh gi\u00e1 c\u1ee7a xBook ho\u1eb7c \u0110\u1ed1i t\u00e1c N\u1ed9i dung.<\/p><p>Vi\u1ec7c ho\u00e0n th\u00e0nh kh\u00f3a h\u1ecdc kh\u00f4ng \u0111\u1ea3m b\u1ea3o c\u1ea5p ph\u00e9p h\u00e0nh ngh\u1ec1, ch\u1ee9ng ch\u1ec9 ngh\u1ec1 nghi\u1ec7p ho\u1eb7c vi\u1ec7c l\u00e0m.<\/p><h3>5. THANH TO\u00c1N &amp; \u0110\u0102NG K\u00dd D\u1ecaCH V\u1ee4<\/h3><p>M\u1ed9t s\u1ed1 D\u1ecbch v\u1ee5 y\u00eau c\u1ea7u thanh to\u00e1n ph\u00ed. Tr\u1eeb khi c\u00f3 quy \u0111\u1ecbnh kh\u00e1c:<\/p><ul><li>Ph\u00ed \u0111\u01b0\u1ee3c ni\u00eam y\u1ebft b\u1eb1ng VN\u0110 ho\u1eb7c ngo\u1ea1i t\u1ec7 t\u01b0\u01a1ng \u0111\u01b0\u01a1ng;<\/li><li>Ph\u00ed kh\u00f4ng ho\u00e0n l\u1ea1i, tr\u1eeb tr\u01b0\u1eddng h\u1ee3p \u0111\u01b0\u1ee3c n\u00eau trong Ch\u00ednh s\u00e1ch Ho\u00e0n ti\u1ec1n ho\u1eb7c theo y\u00eau c\u1ea7u ph\u00e1p lu\u1eadt.<\/li><\/ul><h4>5.1. D\u1ecaCH V\u1ee4 \u0110\u0102NG K\u00dd \u0110\u1ecaNH K\u1ef2<\/h4><p>M\u1ed9t s\u1ed1 D\u1ecbch v\u1ee5 c\u00f3 th\u1ec3 \u0111\u01b0\u1ee3c cung c\u1ea5p theo h\u00ecnh th\u1ee9c \u0111\u0103ng k\u00fd \u0111\u1ecbnh k\u1ef3 (subscription) v\u00e0 t\u1ef1 \u0111\u1ed9ng gia h\u1ea1n. B\u1ea1n c\u00f3 tr\u00e1ch nhi\u1ec7m h\u1ee7y tr\u01b0\u1edbc ng\u00e0y gia h\u1ea1n n\u1ebfu kh\u00f4ng mu\u1ed1n ti\u1ebfp t\u1ee5c s\u1eed d\u1ee5ng.<\/p><h3>6. GI\u1ea4Y PH\u00c9P S\u1eec D\u1ee4NG<\/h3><p>xBook c\u1ea5p cho b\u1ea1n gi\u1ea5y ph\u00e9p c\u00f3 gi\u1edbi h\u1ea1n, kh\u00f4ng \u0111\u1ed9c quy\u1ec1n, kh\u00f4ng chuy\u1ec3n nh\u01b0\u1ee3ng \u0111\u1ec3 s\u1eed d\u1ee5ng D\u1ecbch v\u1ee5 cho m\u1ee5c \u0111\u00edch c\u00e1 nh\u00e2n, phi th\u01b0\u01a1ng m\u1ea1i.<\/p><p>B\u1ea1n kh\u00f4ng \u0111\u01b0\u1ee3c sao ch\u00e9p, ph\u00e2n ph\u1ed1i, s\u1eeda \u0111\u1ed5i, khai th\u00e1c th\u01b0\u01a1ng m\u1ea1i ho\u1eb7c x\u00e2m ph\u1ea1m c\u00e1c bi\u1ec7n ph\u00e1p b\u1ea3o v\u1ec7 c\u1ee7a D\u1ecbch v\u1ee5.<\/p><h3>7. QUY\u1ec0N S\u1ede H\u1eeeU TR\u00cd TU\u1ec6<\/h3><p>To\u00e0n b\u1ed9 n\u1ed9i dung, m\u00e3 ngu\u1ed3n, thi\u1ebft k\u1ebf, t\u00e0i li\u1ec7u, v\u00e0 t\u00e0i s\u1ea3n tr\u00ed tu\u1ec7 tr\u00ean D\u1ecbch v\u1ee5 thu\u1ed9c quy\u1ec1n s\u1edf h\u1eefu c\u1ee7a xBook ho\u1eb7c \u0110\u1ed1i t\u00e1c N\u1ed9i dung v\u00e0 \u0111\u01b0\u1ee3c b\u1ea3o v\u1ec7 b\u1edfi ph\u00e1p lu\u1eadt.<\/p><h3>8. N\u1ed8I DUNG NG\u01af\u1edcI D\u00d9NG<\/h3><p>B\u1ea1n ch\u1ecbu tr\u00e1ch nhi\u1ec7m \u0111\u1ed1i v\u1edbi n\u1ed9i dung b\u1ea1n \u0111\u0103ng t\u1ea3i v\u00e0 cam k\u1ebft c\u00f3 \u0111\u1ea7y \u0111\u1ee7 quy\u1ec1n \u0111\u1ec3 s\u1eed d\u1ee5ng n\u1ed9i dung \u0111\u00f3.<\/p><p>xBook c\u00f3 quy\u1ec1n (nh\u01b0ng kh\u00f4ng ngh\u0129a v\u1ee5) ki\u1ec3m duy\u1ec7t, g\u1ee1 b\u1ecf n\u1ed9i dung vi ph\u1ea1m \u0110i\u1ec1u kho\u1ea3n ho\u1eb7c ph\u00e1p lu\u1eadt.<\/p><h3>9. H\u00c0NH VI B\u1eca C\u1ea4M<\/h3><p>B\u1ea1n kh\u00f4ng \u0111\u01b0\u1ee3c:<\/p><ul><li>Vi ph\u1ea1m ph\u00e1p lu\u1eadt;<\/li><li>Gian l\u1eadn, gi\u1ea3 m\u1ea1o danh t\u00ednh;<\/li><li>X\u00e2m ph\u1ea1m quy\u1ec1n c\u1ee7a ng\u01b0\u1eddi kh\u00e1c;<\/li><li>Can thi\u1ec7p ho\u1eb7c ph\u00e1 ho\u1ea1i h\u1ec7 th\u1ed1ng;<\/li><li>Ph\u00e1t t\u00e1n m\u00e3 \u0111\u1ed9c;<\/li><li>S\u1eed d\u1ee5ng D\u1ecbch v\u1ee5 cho m\u1ee5c \u0111\u00edch ch\u00ednh tr\u1ecb c\u1ef1c \u0111oan ho\u1eb7c tr\u00e1i ph\u00e1p lu\u1eadt.<\/li><\/ul><h3>10. CH\u1ea4M D\u1ee8T &amp; S\u1eecA \u0110\u1ed4I D\u1ecaCH V\u1ee4<\/h3><p>xBook c\u00f3 quy\u1ec1n t\u1ea1m ng\u01b0ng, ch\u1ea5m d\u1ee9t t\u00e0i kho\u1ea3n ho\u1eb7c s\u1eeda \u0111\u1ed5i D\u1ecbch v\u1ee5 b\u1ea5t k\u1ef3 l\u00fac n\u00e0o n\u1ebfu b\u1ea1n vi ph\u1ea1m \u0110i\u1ec1u kho\u1ea3n.<\/p><h3>11. T\u1eea CH\u1ed0I B\u1ea2O \u0110\u1ea2M &amp; GI\u1edaI H\u1ea0N TR\u00c1CH NHI\u1ec6M<\/h3><p>D\u1ecbch v\u1ee5 \u0111\u01b0\u1ee3c cung c\u1ea5p \u201cnguy\u00ean tr\u1ea1ng\u201d. xBook kh\u00f4ng b\u1ea3o \u0111\u1ea3m D\u1ecbch v\u1ee5 kh\u00f4ng gi\u00e1n \u0111o\u1ea1n ho\u1eb7c kh\u00f4ng l\u1ed7i.<\/p><p>Trong ph\u1ea1m vi ph\u00e1p lu\u1eadt cho ph\u00e9p, xBook kh\u00f4ng ch\u1ecbu tr\u00e1ch nhi\u1ec7m \u0111\u1ed1i v\u1edbi thi\u1ec7t h\u1ea1i gi\u00e1n ti\u1ebfp ho\u1eb7c ph\u00e1t sinh.<\/p><h3>12. GI\u1ea2I QUY\u1ebeT TRANH CH\u1ea4P &amp; LU\u1eacT \u00c1P D\u1ee4NG<\/h3><p>\u0110i\u1ec1u kho\u1ea3n n\u00e0y \u0111\u01b0\u1ee3c \u0111i\u1ec1u ch\u1ec9nh b\u1edfi ph\u00e1p lu\u1eadt Vi\u1ec7t Nam. M\u1ecdi tranh ch\u1ea5p ph\u00e1t sinh s\u1ebd \u0111\u01b0\u1ee3c \u01b0u ti\u00ean gi\u1ea3i quy\u1ebft th\u00f4ng qua th\u01b0\u01a1ng l\u01b0\u1ee3ng; n\u1ebfu kh\u00f4ng \u0111\u1ea1t \u0111\u01b0\u1ee3c, s\u1ebd do t\u00f2a \u00e1n c\u00f3 th\u1ea9m quy\u1ec1n t\u1ea1i Vi\u1ec7t Nam gi\u1ea3i quy\u1ebft.<\/p><h3>13. LI\u00caN H\u1ec6<\/h3><p>Email: <span \n                data-original-string='pOsgdSgtoxTzn\/1kGTRerg==c0753bUj4nkganAY5zQp7ZiSR2Fd8mOGsBe3tIes4mSHig='\n                class='apbct-email-encoder'\n                title='Dieser Kontakt wurde von Anti-Spam by CleanTalk verschl\u00fcsselt. Klicken Sie hier, um ihn zu entschl\u00fcsseln. Um die Entschl\u00fcsselung abzuschlie\u00dfen, stellen Sie sicher, dass JavaScript in Ihrem Browser aktiviert ist.'>in<span class=\"apbct-blur\">**<\/span>@<span class=\"apbct-blur\">*****<\/span>vn.com<\/span><\/p><p>Hotline: +84 (0) 587 228 866<\/p><h3>II. ENGLISH VERSION \u2013 FOR REFERENCE ONLY<\/h3><p><em>*(English version will be provided upon request. In case of inconsistency, the Vietnamese version shall prevail.)<\/em><\/p><h2>xBOOK TERMS OF SERVICE<\/h2><h3>I. VIETNAMESE VERSION \u2013 THE HIGHEST LEGAL AUTHORITATIVE TEXT<\/h3><p><strong>xBook Terms of Service<\/strong><br \/>Last Updated: 03\/11\/2025<\/p><p>Welcome to xBook. Thank you for your interest in and use of the xBook online learning platform (hereinafter referred to as \u201cxBook\u201d, \u201cwe\u201d, or \u201cus\u201d).<\/p><p>These Terms of Service apply to the website xbookvn.com, any related websites, mobile applications, hosted applications, downloadable applications, and other services provided by xBook (collectively, the \u201cService\u201d). These Terms constitute a legally binding agreement between you and xBook regarding your access to and use of the Service.<\/p><p><strong>PLEASE READ THESE TERMS CAREFULLY<\/strong><\/p><p><strong>BY CREATING AN xBOOK ACCOUNT, DOWNLOADING, INSTALLING, ACCESSING, OR OTHERWISE USING THE SERVICE, YOU ACKNOWLEDGE THAT YOU HAVE READ, UNDERSTOOD, AND AGREE TO BE BOUND BY THESE TERMS, INCLUDING THE PRIVACY POLICY, REFUND POLICY, ACADEMIC INTEGRITY RULES (HONOR CODE), AND ANY OTHER RELEVANT POLICIES (COLLECTIVELY, THE \u201cTERMS\u201d).<\/strong><\/p><p><strong>IF YOU ARE NOT ELIGIBLE TO USE THE SERVICE OR DO NOT AGREE TO THESE TERMS, YOU MUST NOT USE THE SERVICE.<\/strong><\/p><p>Language Notice: In the event that these Terms are translated into another language, the Vietnamese version shall be the highest legally authoritative version.<\/p><h3>1. xBOOK SERVICE OVERVIEW<\/h3><p>xBook is a mission-driven digital education platform providing courses, learning programs, learning simulations, certificates, and other educational content (collectively, the \u201cLearning Content\u201d).<\/p><p>Through the Service, you may:<\/p><ul><li>Browse and explore courses\/programs;<\/li><li>Create a user account;<\/li><li>Subscribe to receive course information;<\/li><li>Enroll in paid or free courses;<\/li><li>Participate in learning activities, take tests, receive results, and obtain certificates (if applicable);<\/li><li>Provide feedback on courses.<\/li><\/ul><p>Some Learning Content is provided by Content Partners (schools, instructors, educational organizations). xBook acts as a technology platform and does not replace the academic authority or training regulations of such Content Partners.<\/p><h3>2. ELIGIBILITY<\/h3><p>You must be at least 13 years old to use the Service. By agreeing to these Terms, you represent and warrant that:<\/p><ul><li>You are of eligible age to use the Service;<\/li><li>You have not previously been suspended or terminated from using the Service;<\/li><li>Your registration and use of the Service comply with applicable laws.<\/li><\/ul><p>If you are acting on behalf of an organization, you represent that you have full authority to bind that organization to these Terms.<\/p><h3>3. USER ACCOUNTS<\/h3><p>To access most features of the Service, you must create an account and provide accurate, complete, and up-to-date information.<\/p><p>You are responsible for:<\/p><ul><li>Keeping your username and password secure;<\/li><li>All activities occurring under your account;<\/li><li>Notifying xBook immediately if you detect unauthorized access.<\/li><\/ul><h3>4. COURSES, PROGRAMS &amp; CERTIFICATES<\/h3><p>Certain courses may offer a free learning track (Audit) and a paid track (Certificate).<\/p><p>Certificates are issued only if you complete the course under the assessment criteria set by xBook and\/or the Content Partner.<\/p><p>Course completion does not guarantee professional licensure, occupational certification, or employment.<\/p><h3>5. PAYMENTS &amp; SERVICE SUBSCRIPTIONS<\/h3><p>Some Services require payment of fees. Unless otherwise stated:<\/p><ul><li>Fees are displayed in VND or an equivalent foreign currency;<\/li><li>Fees are non-refundable, except as specified in the Refund Policy or as required by applicable law.<\/li><\/ul><h4>5.1. RECURRING SUBSCRIPTIONS<\/h4><p>Certain Services may be offered on a recurring subscription basis and automatically renew. You are responsible for canceling prior to the renewal date if you do not wish to continue.<\/p><h3>6. LICENSE GRANT<\/h3><p>xBook grants you a limited, non-exclusive, non-transferable license to use the Service for personal, non-commercial purposes only.<\/p><p>You may not copy, distribute, modify, commercially exploit, or circumvent any protective measures of the Service.<\/p><h3>7. INTELLECTUAL PROPERTY RIGHTS<\/h3><p>All content, source code, designs, documents, and intellectual property on the Service are owned by xBook and\/or the Content Partners and are protected by applicable laws.<\/p><h3>8. USER CONTENT<\/h3><p>You are solely responsible for any content you upload or post and represent that you have all necessary rights to use such content.<\/p><p>xBook reserves the right (but not the obligation) to review, remove, or restrict access to content that violates these Terms or applicable law.<\/p><h3>9. PROHIBITED CONDUCT<\/h3><p>You must not:<\/p><ul><li>Violate any applicable laws;<\/li><li>Commit fraud or impersonate others;<\/li><li>Infringe the rights of others;<\/li><li>Interfere with or damage the system;<\/li><li>Distribute malware;<\/li><li>Use the Service for extremist political purposes or any unlawful activities.<\/li><\/ul><h3>10. TERMINATION &amp; MODIFICATION OF THE SERVICE<\/h3><p>xBook may suspend or terminate your account or modify the Service at any time if you violate these Terms.<\/p><h3>11. DISCLAIMER OF WARRANTIES &amp; LIMITATION OF LIABILITY<\/h3><p>The Service is provided \u201cas is\u201d. xBook does not warrant uninterrupted or error-free operation of the Service.<\/p><p>To the maximum extent permitted by law, xBook shall not be liable for any indirect or consequential damages.<\/p><h3>12. DISPUTE RESOLUTION &amp; GOVERNING LAW<\/h3><p>These Terms are governed by the laws of Vietnam. Any dispute arising from or relating to these Terms shall first be resolved through good-faith negotiation; if unresolved, it shall be submitted to a competent court in Vietnam.<\/p><h3>13. CONTACT<\/h3><p>Email: <span \n                data-original-string='7+1O7safC2htUBq6DqZJ6A==c074XVph8okt9bo4tNONpnCD\/ZgmdZ60r9tbiiX583wnuU='\n                class='apbct-email-encoder'\n                title='Dieser Kontakt wurde von Anti-Spam by CleanTalk verschl\u00fcsselt. Klicken Sie hier, um ihn zu entschl\u00fcsseln. Um die Entschl\u00fcsselung abzuschlie\u00dfen, stellen Sie sicher, dass JavaScript in Ihrem Browser aktiviert ist.'>in<span class=\"apbct-blur\">**<\/span>@<span class=\"apbct-blur\">*****<\/span>vn.com<\/span><\/p><p>Hotline: +84 (0) 587 228 866<\/p><h3>II. ENGLISH VERSION \u2013 FOR REFERENCE ONLY<\/h3><p>(This English version is provided for reference only. In case of any inconsistency, the Vietnamese version shall prevail.)<\/p><\/div>\t\t\t\t\t\t\t\t<\/div>\n\t\t\t\t<\/div>\n\t\t\t\t<\/div>","protected":false},"excerpt":{"rendered":"<p>\u0110I\u1ec0U KHO\u1ea2N S\u1eec D\u1ee4NG (TERMS OF SERVICE) C\u1ee6A xBOOK \u0110I\u1ec0U KHO\u1ea2N S\u1eec D\u1ee4NG (TERMS OF SERVICE) C\u1ee6A xBOOK I. B\u1ea2N TI\u1ebeNG VI\u1ec6T \u2013 V\u0102N B\u1ea2N PH\u00c1P L\u00dd CAO NH\u1ea4T \u0110i\u1ec1u kho\u1ea3n S\u1eed d\u1ee5ng c\u1ee7a xBookC\u1eadp nh\u1eadt l\u1ea7n cu\u1ed1i: 03\/11\/2025 Ch\u00e0o &hellip; <\/p>","protected":false},"author":3,"featured_media":0,"parent":0,"menu_order":0,"comment_status":"closed","ping_status":"closed","template":"elementor_header_footer","meta":{"pmpro_default_level":"","footnotes":""},"class_list":["post-31324","page","type-page","status-publish","hentry","pmpro-has-access"],"_links":{"self":[{"href":"https:\/\/xbookvn.com\/de\/wp-json\/wp\/v2\/pages\/31324","targetHints":{"allow":["GET"]}}],"collection":[{"href":"https:\/\/xbookvn.com\/de\/wp-json\/wp\/v2\/pages"}],"about":[{"href":"https:\/\/xbookvn.com\/de\/wp-json\/wp\/v2\/types\/page"}],"author":[{"embeddable":true,"href":"https:\/\/xbookvn.com\/de\/wp-json\/wp\/v2\/users\/3"}],"replies":[{"embeddable":true,"href":"https:\/\/xbookvn.com\/de\/wp-json\/wp\/v2\/comments?post=31324"}],"version-history":[{"count":10,"href":"https:\/\/xbookvn.com\/de\/wp-json\/wp\/v2\/pages\/31324\/revisions"}],"predecessor-version":[{"id":31335,"href":"https:\/\/xbookvn.com\/de\/wp-json\/wp\/v2\/pages\/31324\/revisions\/31335"}],"wp:attachment":[{"href":"https:\/\/xbookvn.com\/de\/wp-json\/wp\/v2\/media?parent=31324"}],"curies":[{"name":"wp","href":"https:\/\/api.w.org\/{rel}","templated":true}]}}