{"id":30167,"date":"2025-12-17T17:16:53","date_gmt":"2025-12-17T10:16:53","guid":{"rendered":"https:\/\/xbookvn.com\/?page_id=30167"},"modified":"2025-12-17T17:19:35","modified_gmt":"2025-12-17T10:19:35","slug":"cong-cu-hoc","status":"publish","type":"page","link":"https:\/\/xbookvn.com\/de\/cong-cu-hoc\/","title":{"rendered":"C\u00f4ng c\u1ee5 h\u1ecdc"},"content":{"rendered":"<div data-elementor-type=\"wp-page\" data-elementor-id=\"30167\" class=\"elementor elementor-30167\" data-elementor-post-type=\"page\">\n\t\t\t\t<div class=\"elementor-element elementor-element-e3a4145 e-con-full e-flex e-con e-parent\" data-id=\"e3a4145\" data-element_type=\"container\">\n\t\t\t\t<div class=\"elementor-element elementor-element-ab32a7c elementor-widget elementor-widget-html\" data-id=\"ab32a7c\" data-element_type=\"widget\" data-widget_type=\"html.default\">\n\t\t\t\t\t<iframe id=\"geom\" style=\"width: 100%; height: calc(100svh - 80px); border: 0; display: block;\" src=\"https:\/\/xbookvn.com\/moPhongSach\/draw-tool\/index.html\"><span data-mce-type=\"bookmark\" style=\"display: inline-block; width: 0px; overflow: hidden; line-height: 0;\" class=\"mce_SELRES_start\"><\/span>\r\n<\/iframe>\r\n\r\n<style>\r\n\/* Mobile: chi\u1ebfm full chi\u1ec1u cao (\u0111\u00e3 c\u00f3 100svh \u1edf inline style) *\/<br \/>\/* Tablet (768px \u2013 1024px): cao h\u01a1n, v\u00ed d\u1ee5 90% viewport *\/<br \/>@media (min-width: 641px) and (max-width: 1024px){<br \/>  #geom{ height: 90vh; }<br \/>}<br \/>\/* Desktop (\u22651025px): th\u1ea5p h\u01a1n m\u1ed9t ch\u00fat cho c\u00e2n \u0111\u1ed1i *\/<br \/>@media (min-width: 1025px){<br \/>  #geom{ height: 80vh; }<br \/>}<br \/><\/style>\t\t\t\t<\/div>\n\t\t\t\t<\/div>\n\t\t\t\t<\/div>","protected":false},"excerpt":{"rendered":"<p><\/p>","protected":false},"author":1,"featured_media":24519,"parent":0,"menu_order":0,"comment_status":"closed","ping_status":"closed","template":"elementor_header_footer","meta":{"pmpro_default_level":"","footnotes":""},"class_list":["post-30167","page","type-page","status-publish","has-post-thumbnail","hentry","pmpro-has-access"],"_links":{"self":[{"href":"https:\/\/xbookvn.com\/de\/wp-json\/wp\/v2\/pages\/30167","targetHints":{"allow":["GET"]}}],"collection":[{"href":"https:\/\/xbookvn.com\/de\/wp-json\/wp\/v2\/pages"}],"about":[{"href":"https:\/\/xbookvn.com\/de\/wp-json\/wp\/v2\/types\/page"}],"author":[{"embeddable":true,"href":"https:\/\/xbookvn.com\/de\/wp-json\/wp\/v2\/users\/1"}],"replies":[{"embeddable":true,"href":"https:\/\/xbookvn.com\/de\/wp-json\/wp\/v2\/comments?post=30167"}],"version-history":[{"count":4,"href":"https:\/\/xbookvn.com\/de\/wp-json\/wp\/v2\/pages\/30167\/revisions"}],"predecessor-version":[{"id":30171,"href":"https:\/\/xbookvn.com\/de\/wp-json\/wp\/v2\/pages\/30167\/revisions\/30171"}],"wp:featuredmedia":[{"embeddable":true,"href":"https:\/\/xbookvn.com\/de\/wp-json\/wp\/v2\/media\/24519"}],"wp:attachment":[{"href":"https:\/\/xbookvn.com\/de\/wp-json\/wp\/v2\/media?parent=30167"}],"curies":[{"name":"wp","href":"https:\/\/api.w.org\/{rel}","templated":true}]}}